{"id":55,"date":"2018-12-06T00:15:17","date_gmt":"2018-12-06T00:15:17","guid":{"rendered":"https:\/\/colegiomunoz.edu.mx\/wp_munoz\/?page_id=55"},"modified":"2026-04-15T20:39:45","modified_gmt":"2026-04-15T20:39:45","slug":"inicio","status":"publish","type":"page","link":"https:\/\/colegiomunoz.edu.mx\/wp_munoz\/","title":{"rendered":"Inicio"},"content":{"rendered":"<p>[et_pb_section fb_built=\u00bb1&#8243; _builder_version=\u00bb3.17.6&#8243; background_color=\u00bb#ffffff\u00bb custom_padding=\u00bb0|0|0|0px|false|false\u00bb][et_pb_row make_fullwidth=\u00bbon\u00bb use_custom_gutter=\u00bbon\u00bb gutter_width=\u00bb1&#8243; custom_padding=\u00bb0px|0px|0px|0px|false|false\u00bb custom_margin=\u00bb0px|0px|0px|0px|true\u00bb padding_top_1=\u00bb0px\u00bb padding_bottom_1=\u00bb0px\u00bb padding_left_1=\u00bb0px\u00bb _builder_version=\u00bb3.17.6&#8243; filter_contrast=\u00bb111%\u00bb][et_pb_column type=\u00bb4_4&#8243; _builder_version=\u00bb3.0.47&#8243; padding_bottom=\u00bb0px\u00bb padding_left=\u00bb0px\u00bb padding_top=\u00bb0px\u00bb parallax=\u00bboff\u00bb parallax_method=\u00bbon\u00bb][et_pb_post_slider posts_number=\u00bb4&#8243; include_categories=\u00bb8&#8243; more_text=\u00bbCONOCER M\u00c1S\u00bb show_meta=\u00bboff\u00bb bg_overlay_color=\u00bbrgba(0,10,15,0.42)\u00bb use_text_overlay=\u00bboff\u00bb module_id=\u00bb.carousel-item\u00bb module_class=\u00bbbackground-size: contain;\u00bb _builder_version=\u00bb3.17.6&#8243; header_font=\u00bb|600|||||||\u00bb header_text_align=\u00bbleft\u00bb header_letter_spacing=\u00bb-1px\u00bb body_font=\u00bb||||||||\u00bb body_text_align=\u00bbleft\u00bb custom_button=\u00bbon\u00bb button_text_size=\u00bb14px\u00bb button_bg_color=\u00bb#a0b901&#8243; button_border_width=\u00bb0px\u00bb button_border_radius=\u00bb0px\u00bb button_font=\u00bb||||||||\u00bb button_icon=\u00bb%%28%%\u00bb button_icon_placement=\u00bbleft\u00bb button_on_hover=\u00bboff\u00bb button_alignment=\u00bbleft\u00bb box_shadow_style=\u00bbpreset1&#8243; custom_margin=\u00bb0px|0px|-7px|\u00bb custom_padding=\u00bb346px|0px|33px|0px\u00bb filter_saturate=\u00bb109%\u00bb filter_brightness=\u00bb117%\u00bb child_filter_brightness=\u00bb32%\u00bb child_filter_contrast=\u00bb107%\u00bb animation_style=\u00bbfade\u00bb auto=\u00bbon\u00bb text_shadow_style=\u00bbpreset1&#8243; text_shadow_horizontal_length=\u00bb-0.13em\u00bb][\/et_pb_post_slider][\/et_pb_column][\/et_pb_row][et_pb_row custom_padding=\u00bb31px|0px|0|0px|false|false\u00bb _builder_version=\u00bb3.17.6&#8243;][et_pb_column type=\u00bb4_4&#8243; _builder_version=\u00bb3.17.6&#8243; parallax=\u00bboff\u00bb parallax_method=\u00bbon\u00bb][et_pb_slider show_arrows=\u00bboff\u00bb show_pagination=\u00bboff\u00bb _builder_version=\u00bb3.17.6&#8243; background_image=\u00bbhttps:\/\/colegiomunoz.edu.mx\/wp_munoz\/wp-content\/uploads\/2019\/10\/04.jpg\u00bb background_video_pause_outside_viewport=\u00bboff\u00bb custom_margin=\u00bb3px||\u00bb filter_saturate=\u00bb53%\u00bb custom_css_main_element=\u00bbheight: 250px;\u00bb][et_pb_slide heading=\u00bbPREMIO ESTATAL DE LA JUVENTUD\u00bb button_text=\u00bbINFO AQUI\u00bb button_link=\u00bbhttps:\/\/www.facebook.com\/oficialcolegiomunoz\/posts\/pfbid0JwxpJv1GP9xh6CosvGvD6iBMp7DFjf86zSzq5Ph2bNwi6CfCRBNJjEW1FsNNrLfFl\u00bb _builder_version=\u00bb3.17.6&#8243; background_image=\u00bbhttps:\/\/colegiomunoz.edu.mx\/wp_munoz\/wp-content\/uploads\/2024\/02\/Diseno-sin-titulo-2.jpg\u00bb parallax=\u00bbon\u00bb custom_padding=\u00bb50px||\u00bb filter_brightness=\u00bb92%\u00bb filter_contrast=\u00bb98%\u00bb filter_sepia=\u00bb33%\u00bb link_option_url=\u00bbhttps:\/\/colegiomunoz.edu.mx\/wp_munoz\/corporativo-franquicias\/\u00bb custom_css_main_element=\u00bbborder-radius: 20px;\u00bb]<\/p>\n<p>Club H\u00e1bitat |Ganadores en la Categor\u00eda de Protecci\u00f3n Ambiental<\/p>\n<p>[\/et_pb_slide][\/et_pb_slider][\/et_pb_column][\/et_pb_row][et_pb_row use_custom_width=\u00bbon\u00bb width_unit=\u00bboff\u00bb custom_width_percent=\u00bb98%\u00bb use_custom_gutter=\u00bbon\u00bb gutter_width=\u00bb1&#8243; _builder_version=\u00bb3.17.6&#8243; module_alignment=\u00bbcenter\u00bb link_option_url=\u00bbhttps:\/\/www.facebook.com\/share\/p\/1GiVPAxdt8\/\u00bb][et_pb_column type=\u00bb1_4&#8243; _builder_version=\u00bb3.17.6&#8243; parallax=\u00bboff\u00bb parallax_method=\u00bbon\u00bb][et_pb_button _builder_version=\u00bb3.17.6&#8243;][\/et_pb_button][et_pb_blurb title=\u00bbPREInscr\u00edbete Aqu\u00ed\u00bb image=\u00bbhttps:\/\/colegiomunoz.edu.mx\/wp_munoz\/wp-content\/uploads\/2025\/10\/boton-PREINSCRIPCIONES_26_27.jpg\u00bb content_max_width=\u00bb598px\u00bb image_max_width_phone=\u00bb100%\u00bb image_max_width_last_edited=\u00bbon|phone\u00bb content_max_width_phone=\u00bb419px\u00bb content_max_width_last_edited=\u00bbon|phone\u00bb _builder_version=\u00bb3.17.6&#8243; header_font=\u00bb|||on|||||\u00bb header_font_size=\u00bb16px\u00bb header_line_height=\u00bb0em\u00bb body_font=\u00bb|||on|||||\u00bb body_font_size=\u00bb12px\u00bb body_line_height=\u00bb1.8em\u00bb background_color=\u00bb#f4f4f4&#8243; max_width=\u00bb98%\u00bb max_width_phone=\u00bb100%\u00bb max_width_last_edited=\u00bbon|phone\u00bb custom_margin=\u00bb|||0px\u00bb custom_padding=\u00bb11px|11px|11px|11px\u00bb animation=\u00bboff\u00bb link_option_url=\u00bbhttps:\/\/colegiomunoz.edu.mx\/wp_munoz\/inscripciones\/\u00bb][\/et_pb_blurb][\/et_pb_column][et_pb_column type=\u00bb1_4&#8243; _builder_version=\u00bb3.17.6&#8243; parallax=\u00bboff\u00bb parallax_method=\u00bbon\u00bb][et_pb_blurb title=\u00bbCLUB H\u00e1BITAT DE COLEGIO MU\u00d1OZ\u00bb url=\u00bbhttps:\/\/www.facebook.com\/oficialcolegiomunoz\/posts\/pfbid0JwxpJv1GP9xh6CosvGvD6iBMp7DFjf86zSzq5Ph2bNwi6CfCRBNJjEW1FsNNrLfFl\u00bb image=\u00bbhttps:\/\/colegiomunoz.edu.mx\/wp_munoz\/wp-content\/uploads\/2024\/02\/premio2.jpg\u00bb content_max_width=\u00bb598px\u00bb image_max_width_phone=\u00bb100%\u00bb image_max_width_last_edited=\u00bbon|phone\u00bb content_max_width_phone=\u00bb419px\u00bb content_max_width_last_edited=\u00bbon|phone\u00bb _builder_version=\u00bb3.17.6&#8243; header_font=\u00bb|||on|||||\u00bb header_text_color=\u00bb#0c71c3&#8243; header_font_size=\u00bb16px\u00bb header_line_height=\u00bb0em\u00bb body_font=\u00bb|||on|||||\u00bb body_text_color=\u00bb#0c71c3&#8243; body_font_size=\u00bb12px\u00bb body_line_height=\u00bb1.8em\u00bb background_color=\u00bb#f4f4f4&#8243; max_width=\u00bb98%\u00bb max_width_phone=\u00bb100%\u00bb max_width_last_edited=\u00bbon|phone\u00bb custom_margin=\u00bb|||0px\u00bb custom_padding=\u00bb11px|11px|11px|11px\u00bb animation=\u00bboff\u00bb]<\/p>\n<p>Ganadores del premio estatal de la juventud<\/p>\n<p>[\/et_pb_blurb][\/et_pb_column][et_pb_column type=\u00bb1_4&#8243; _builder_version=\u00bb3.17.6&#8243; parallax=\u00bboff\u00bb parallax_method=\u00bbon\u00bb][et_pb_blurb title=\u00bbCampamento de verano 2025&#8243; url=\u00bbhttps:\/\/www.facebook.com\/share\/p\/1CCNDKMNQY\/\u00bb image=\u00bbhttps:\/\/colegiomunoz.edu.mx\/wp_munoz\/wp-content\/uploads\/2025\/08\/1.jpg\u00bb content_max_width=\u00bb598px\u00bb image_max_width_phone=\u00bb100%\u00bb image_max_width_last_edited=\u00bbon|phone\u00bb content_max_width_phone=\u00bb419px\u00bb content_max_width_last_edited=\u00bbon|phone\u00bb _builder_version=\u00bb3.17.6&#8243; header_font=\u00bb|||on|||||\u00bb header_font_size=\u00bb16px\u00bb header_line_height=\u00bb0em\u00bb body_font=\u00bb|||on|||||\u00bb body_font_size=\u00bb12px\u00bb body_line_height=\u00bb1.8em\u00bb background_color=\u00bb#f4f4f4&#8243; max_width=\u00bb98%\u00bb max_width_phone=\u00bb100%\u00bb max_width_last_edited=\u00bbon|phone\u00bb custom_margin=\u00bb|||0px\u00bb custom_padding=\u00bb11px|11px|11px|11px\u00bb animation=\u00bboff\u00bb link_option_url=\u00bbhttps:\/\/www.facebook.com\/share\/p\/1CCNDKMNQY\/\u00bb][\/et_pb_blurb][\/et_pb_column][et_pb_column type=\u00bb1_4&#8243; _builder_version=\u00bb3.17.6&#8243; parallax=\u00bboff\u00bb parallax_method=\u00bbon\u00bb][et_pb_image src=\u00bbhttps:\/\/colegiomunoz.edu.mx\/wp_munoz\/wp-content\/uploads\/2026\/04\/2-1.jpg\u00bb url=\u00bbhttps:\/\/www.facebook.com\/share\/p\/19gJY58dfw\/\u00bb _builder_version=\u00bb3.17.6&#8243; box_shadow_style=\u00bbpreset6&#8243; custom_margin=\u00bb|0px|0px|\u00bb custom_padding=\u00bb|11px|11px|\u00bb][\/et_pb_image][\/et_pb_column][\/et_pb_row][et_pb_row use_custom_width=\u00bbon\u00bb width_unit=\u00bboff\u00bb custom_width_percent=\u00bb98%\u00bb use_custom_gutter=\u00bbon\u00bb gutter_width=\u00bb1&#8243; _builder_version=\u00bb3.17.6&#8243; module_alignment=\u00bbcenter\u00bb link_option_url=\u00bbhttps:\/\/www.youtube.com\/watch?v=kMnLZ2p3GfI&#038;t=22s\u00bb][et_pb_column type=\u00bb1_4&#8243; _builder_version=\u00bb3.17.6&#8243; parallax=\u00bboff\u00bb parallax_method=\u00bbon\u00bb][et_pb_button _builder_version=\u00bb3.17.6&#8243;][\/et_pb_button][et_pb_blurb title=\u00bbCAPACITACI\u00d3N PERSONAL ADTIVO\u00bb url=\u00bbhttps:\/\/www.facebook.com\/oficialcolegiomunoz\/posts\/pfbid02wBwG665axZ66ztTMLD4u5dFmyQ57j1PsSymKsaYAKrwxPowcavfDviV6kjmHMYL8l\u00bb image=\u00bbhttps:\/\/colegiomunoz.edu.mx\/wp_munoz\/wp-content\/uploads\/2024\/10\/Diseno-sin-titulo-3.jpg\u00bb content_max_width=\u00bb598px\u00bb image_max_width_phone=\u00bb100%\u00bb image_max_width_last_edited=\u00bbon|phone\u00bb content_max_width_phone=\u00bb419px\u00bb content_max_width_last_edited=\u00bbon|phone\u00bb _builder_version=\u00bb3.17.6&#8243; header_font=\u00bb|||on|||||\u00bb header_text_color=\u00bb#0c71c3&#8243; header_font_size=\u00bb16px\u00bb header_line_height=\u00bb0em\u00bb body_font=\u00bb|||on|||||\u00bb body_text_color=\u00bb#0c71c3&#8243; body_font_size=\u00bb12px\u00bb body_line_height=\u00bb1.8em\u00bb background_color=\u00bb#f4f4f4&#8243; max_width=\u00bb98%\u00bb max_width_phone=\u00bb100%\u00bb max_width_last_edited=\u00bbon|phone\u00bb custom_margin=\u00bb|||0px\u00bb custom_padding=\u00bb11px|11px|11px|11px\u00bb animation=\u00bboff\u00bb link_option_url=\u00bbhttps:\/\/www.facebook.com\/oficialcolegiomunoz\/posts\/pfbid02wBwG665axZ66ztTMLD4u5dFmyQ57j1PsSymKsaYAKrwxPowcavfDviV6kjmHMYL8l\u00bb]<\/p>\n<p><span>\u201cEquipos productivos para resultados de primer mundo\u201d.<\/span><\/p>\n<p>[\/et_pb_blurb][et_pb_button _builder_version=\u00bb3.17.6&#8243;][\/et_pb_button][\/et_pb_column][et_pb_column type=\u00bb1_4&#8243; _builder_version=\u00bb3.17.6&#8243; parallax=\u00bboff\u00bb parallax_method=\u00bbon\u00bb][et_pb_blurb title=\u00bbBIENVENIDOS AL CICLO 2025-2026&#8243; url=\u00bbhttps:\/\/www.facebook.com\/share\/p\/167UWLJ4BM\/\u00bb image=\u00bbhttps:\/\/colegiomunoz.edu.mx\/wp_munoz\/wp-content\/uploads\/2025\/08\/Pantalla-Bienvenida-prepa-y-sec.jpg\u00bb content_max_width=\u00bb598px\u00bb image_max_width_phone=\u00bb100%\u00bb image_max_width_last_edited=\u00bbon|phone\u00bb content_max_width_phone=\u00bb419px\u00bb content_max_width_last_edited=\u00bbon|phone\u00bb _builder_version=\u00bb3.17.6&#8243; header_font=\u00bb|||on|||||\u00bb header_font_size=\u00bb16px\u00bb header_line_height=\u00bb0em\u00bb body_font=\u00bb|||on|||||\u00bb body_font_size=\u00bb12px\u00bb body_line_height=\u00bb1.8em\u00bb background_color=\u00bb#f4f4f4&#8243; max_width=\u00bb98%\u00bb max_width_phone=\u00bb100%\u00bb max_width_last_edited=\u00bbon|phone\u00bb custom_margin=\u00bb|||0px\u00bb custom_padding=\u00bb11px|11px|11px|11px\u00bb animation=\u00bboff\u00bb link_option_url=\u00bbhttps:\/\/www.facebook.com\/share\/p\/167UWLJ4BM\/\u00bb][\/et_pb_blurb][\/et_pb_column][et_pb_column type=\u00bb1_4&#8243; _builder_version=\u00bb3.17.6&#8243; parallax=\u00bboff\u00bb parallax_method=\u00bbon\u00bb][et_pb_blurb title=\u00bbcuidemos el agua \u00bb url=\u00bbhttps:\/\/www.facebook.com\/oficialcolegiomunoz\/posts\/pfbid02631MQgN3i7BZtKN25o4HqEx4DcER37mirzXz2zcuZQHqASpaKBhAWnMuznn8DLBsl\u00bb image=\u00bbhttps:\/\/colegiomunoz.edu.mx\/wp_munoz\/wp-content\/uploads\/2025\/03\/CUIDEMOS-EL-AGUA.jpg\u00bb content_max_width=\u00bb598px\u00bb image_max_width_phone=\u00bb100%\u00bb image_max_width_last_edited=\u00bbon|phone\u00bb content_max_width_phone=\u00bb419px\u00bb content_max_width_last_edited=\u00bbon|phone\u00bb _builder_version=\u00bb3.17.6&#8243; header_font=\u00bb|||on|||||\u00bb header_font_size=\u00bb16px\u00bb header_line_height=\u00bb0em\u00bb body_font=\u00bb|||on|||||\u00bb body_font_size=\u00bb12px\u00bb body_line_height=\u00bb1.8em\u00bb background_color=\u00bb#f4f4f4&#8243; max_width=\u00bb98%\u00bb max_width_phone=\u00bb100%\u00bb max_width_last_edited=\u00bbon|phone\u00bb custom_margin=\u00bb|||0px\u00bb custom_padding=\u00bb11px|11px|11px|11px\u00bb animation=\u00bboff\u00bb link_option_url=\u00bbhttps:\/\/www.facebook.com\/oficialcolegiomunoz\/posts\/pfbid02631MQgN3i7BZtKN25o4HqEx4DcER37mirzXz2zcuZQHqASpaKBhAWnMuznn8DLBsl\u00bb][\/et_pb_blurb][\/et_pb_column][et_pb_column type=\u00bb1_4&#8243; _builder_version=\u00bb3.17.6&#8243; parallax=\u00bboff\u00bb parallax_method=\u00bbon\u00bb][et_pb_video src=\u00bbhttps:\/\/youtu.be\/Rk6OCOhV4Dk\u00bb _builder_version=\u00bb3.17.6&#8243;][\/et_pb_video][\/et_pb_column][\/et_pb_row][et_pb_row _builder_version=\u00bb3.17.6&#8243;][et_pb_column type=\u00bb1_2&#8243; _builder_version=\u00bb3.17.6&#8243; parallax=\u00bboff\u00bb parallax_method=\u00bbon\u00bb][et_pb_video src=\u00bbhttps:\/\/www.youtube.com\/watch?v=kMnLZ2p3GfI&#038;t=22s\u00bb _builder_version=\u00bb3.17.6&#8243;][\/et_pb_video][\/et_pb_column][et_pb_column type=\u00bb1_2&#8243; _builder_version=\u00bb3.17.6&#8243; parallax=\u00bboff\u00bb parallax_method=\u00bbon\u00bb][et_pb_video src=\u00bbhttps:\/\/youtu.be\/5FlIOYXPLig\u00bb src_webm=\u00bbhttps:\/\/youtu.be\/5FlIOYXPLig\u00bb admin_label=\u00bbBienvenidos Tigres  2025-2026&#8243; _builder_version=\u00bb3.17.6&#8243; box_shadow_style=\u00bbpreset4&#8243; box_shadow_color=\u00bb#00457a\u00bb][\/et_pb_video][\/et_pb_column][\/et_pb_row][et_pb_row _builder_version=\u00bb3.17.6&#8243;][et_pb_column type=\u00bb2_5&#8243; _builder_version=\u00bb3.17.6&#8243; parallax=\u00bboff\u00bb parallax_method=\u00bbon\u00bb][et_pb_gallery gallery_ids=\u00bb3928&#8243; posts_number=\u00bb1&#8243; _builder_version=\u00bb3.17.6&#8243; title_font=\u00bb||||||||\u00bb title_text_color=\u00bb#0c71c3&#8243; border_radii_image=\u00bbon|2px|2px|2px|2px\u00bb][\/et_pb_gallery][\/et_pb_column][et_pb_column type=\u00bb3_5&#8243; _builder_version=\u00bb3.17.6&#8243; parallax=\u00bboff\u00bb parallax_method=\u00bbon\u00bb][et_pb_blurb title=\u00bbganadores del 4to GRAN SORTEO\u00bb url=\u00bbhttps:\/\/www.facebook.com\/photo?fbid=1282617480537308&#038;set=a.545841544214909&#8243; image=\u00bbhttps:\/\/colegiomunoz.edu.mx\/wp_munoz\/wp-content\/uploads\/2025\/06\/web_GANADORES-DEL-SORTEO-2025-1.jpg\u00bb content_max_width=\u00bb598px\u00bb image_max_width_phone=\u00bb100%\u00bb image_max_width_last_edited=\u00bbon|phone\u00bb content_max_width_phone=\u00bb419px\u00bb content_max_width_last_edited=\u00bbon|phone\u00bb _builder_version=\u00bb3.17.6&#8243; header_font=\u00bb|||on|||||\u00bb header_font_size=\u00bb16px\u00bb header_line_height=\u00bb0em\u00bb body_font=\u00bb|||on|||||\u00bb body_font_size=\u00bb12px\u00bb body_line_height=\u00bb1.8em\u00bb background_color=\u00bb#f4f4f4&#8243; border_radii_image=\u00bbon|2px|2px|2px|2px\u00bb max_width=\u00bb98%\u00bb max_width_phone=\u00bb100%\u00bb max_width_last_edited=\u00bbon|phone\u00bb custom_margin=\u00bb|||0px\u00bb custom_padding=\u00bb11px|11px|11px|11px\u00bb animation=\u00bboff\u00bb]<\/p>\n<p>De Colegio Mu\u00f1oz| 2024<\/p>\n<p>[\/et_pb_blurb][\/et_pb_column][\/et_pb_row][\/et_pb_section]<\/p>\n","protected":false},"excerpt":{"rendered":"<p>[et_pb_section fb_built=\u00bb1&#8243; _builder_version=\u00bb3.17.6&#8243; background_color=\u00bb#ffffff\u00bb custom_padding=\u00bb0|0|0|0px|false|false\u00bb][et_pb_row make_fullwidth=\u00bbon\u00bb use_custom_gutter=\u00bbon\u00bb gutter_width=\u00bb1&#8243; custom_padding=\u00bb0px|0px|0px|0px|false|false\u00bb custom_margin=\u00bb0px|0px|0px|0px|true\u00bb padding_top_1=\u00bb0px\u00bb padding_bottom_1=\u00bb0px\u00bb padding_left_1=\u00bb0px\u00bb _builder_version=\u00bb3.17.6&#8243; filter_contrast=\u00bb111%\u00bb][et_pb_column type=\u00bb4_4&#8243; _builder_version=\u00bb3.0.47&#8243; padding_bottom=\u00bb0px\u00bb padding_left=\u00bb0px\u00bb padding_top=\u00bb0px\u00bb parallax=\u00bboff\u00bb parallax_method=\u00bbon\u00bb][et_pb_post_slider posts_number=\u00bb4&#8243; include_categories=\u00bb8&#8243; more_text=\u00bbCONOCER M\u00c1S\u00bb show_meta=\u00bboff\u00bb bg_overlay_color=\u00bbrgba(0,10,15,0.42)\u00bb use_text_overlay=\u00bboff\u00bb module_id=\u00bb.carousel-item\u00bb module_class=\u00bbbackground-size: contain;\u00bb _builder_version=\u00bb3.17.6&#8243; header_font=\u00bb|600|||||||\u00bb header_text_align=\u00bbleft\u00bb header_letter_spacing=\u00bb-1px\u00bb body_font=\u00bb||||||||\u00bb body_text_align=\u00bbleft\u00bb custom_button=\u00bbon\u00bb button_text_size=\u00bb14px\u00bb button_bg_color=\u00bb#a0b901&#8243; button_border_width=\u00bb0px\u00bb button_border_radius=\u00bb0px\u00bb button_font=\u00bb||||||||\u00bb button_icon=\u00bb%%28%%\u00bb button_icon_placement=\u00bbleft\u00bb button_on_hover=\u00bboff\u00bb button_alignment=\u00bbleft\u00bb box_shadow_style=\u00bbpreset1&#8243; custom_margin=\u00bb0px|0px|-7px|\u00bb custom_padding=\u00bb346px|0px|33px|0px\u00bb filter_saturate=\u00bb109%\u00bb filter_brightness=\u00bb117%\u00bb child_filter_brightness=\u00bb32%\u00bb child_filter_contrast=\u00bb107%\u00bb [&hellip;]<\/p>\n","protected":false},"author":1,"featured_media":0,"parent":0,"menu_order":0,"comment_status":"closed","ping_status":"closed","template":"","meta":[],"_links":{"self":[{"href":"https:\/\/colegiomunoz.edu.mx\/wp_munoz\/wp-json\/wp\/v2\/pages\/55"}],"collection":[{"href":"https:\/\/colegiomunoz.edu.mx\/wp_munoz\/wp-json\/wp\/v2\/pages"}],"about":[{"href":"https:\/\/colegiomunoz.edu.mx\/wp_munoz\/wp-json\/wp\/v2\/types\/page"}],"author":[{"embeddable":true,"href":"https:\/\/colegiomunoz.edu.mx\/wp_munoz\/wp-json\/wp\/v2\/users\/1"}],"replies":[{"embeddable":true,"href":"https:\/\/colegiomunoz.edu.mx\/wp_munoz\/wp-json\/wp\/v2\/comments?post=55"}],"version-history":[{"count":230,"href":"https:\/\/colegiomunoz.edu.mx\/wp_munoz\/wp-json\/wp\/v2\/pages\/55\/revisions"}],"predecessor-version":[{"id":4022,"href":"https:\/\/colegiomunoz.edu.mx\/wp_munoz\/wp-json\/wp\/v2\/pages\/55\/revisions\/4022"}],"wp:attachment":[{"href":"https:\/\/colegiomunoz.edu.mx\/wp_munoz\/wp-json\/wp\/v2\/media?parent=55"}],"curies":[{"name":"wp","href":"https:\/\/api.w.org\/{rel}","templated":true}]}}