{"id":486,"date":"2019-04-09T01:10:39","date_gmt":"2019-04-09T01:10:39","guid":{"rendered":"https:\/\/colegiomunoz.edu.mx\/wp_munoz\/?page_id=486"},"modified":"2024-02-03T01:41:06","modified_gmt":"2024-02-03T01:41:06","slug":"preparatoria","status":"publish","type":"page","link":"https:\/\/colegiomunoz.edu.mx\/wp_munoz\/preparatoria\/","title":{"rendered":"Preparatoria"},"content":{"rendered":"<p>[et_pb_section fb_built=\u00bb1&#8243; admin_label=\u00bbsection\u00bb _builder_version=\u00bb3.17.6&#8243; max_width=\u00bb95%\u00bb module_alignment=\u00bbcenter\u00bb custom_margin=\u00bb|||0px\u00bb custom_padding=\u00bb0|0px|74px|0px|false|false\u00bb][et_pb_row use_custom_width=\u00bbon\u00bb width_unit=\u00bboff\u00bb custom_width_percent=\u00bb100%\u00bb use_custom_gutter=\u00bbon\u00bb gutter_width=\u00bb1&#8243; custom_padding=\u00bb27px|0|19px|0px|false|false\u00bb custom_margin=\u00bb0px|0px|0px|0px\u00bb admin_label=\u00bbrow\u00bb _builder_version=\u00bb3.17.6&#8243; background_size=\u00bbinitial\u00bb background_position=\u00bbtop_left\u00bb background_repeat=\u00bbrepeat\u00bb module_alignment=\u00bbcenter\u00bb background_image=\u00bbhttps:\/\/colegiomunoz.edu.mx\/wp_munoz\/wp-content\/uploads\/2024\/02\/Diseno-sin-titulo.png\u00bb][et_pb_column type=\u00bb3_5&#8243; _builder_version=\u00bb3.0.47&#8243; parallax=\u00bboff\u00bb parallax_method=\u00bbon\u00bb][et_pb_text admin_label=\u00bbText\u00bb _builder_version=\u00bb3.17.6&#8243; text_font=\u00bb||||||||\u00bb header_font=\u00bb||||||||\u00bb background_size=\u00bbinitial\u00bb background_position=\u00bbtop_left\u00bb background_repeat=\u00bbrepeat\u00bb max_width=\u00bb88%\u00bb module_alignment=\u00bbcenter\u00bb][\/et_pb_text][et_pb_text admin_label=\u00bbText\u00bb _builder_version=\u00bb3.17.6&#8243; text_font=\u00bb||||||||\u00bb header_font=\u00bbOpen Sans|600|||||||\u00bb header_font_size=\u00bb40px\u00bb header_letter_spacing=\u00bb-2px\u00bb background_size=\u00bbinitial\u00bb background_position=\u00bbtop_left\u00bb background_repeat=\u00bbrepeat\u00bb max_width=\u00bb89%\u00bb module_alignment=\u00bbcenter\u00bb inline_fonts=\u00bbAlegreya Sans SC\u00bb]<\/p>\n<h1><strong><span style=\"color: rgba(0, 0, 0, 0.88); font-family: 'Alegreya Sans SC';\"><img decoding=\"async\" loading=\"lazy\" src=\"https:\/\/colegiomunoz.edu.mx\/wp_munoz\/wp-content\/uploads\/2024\/02\/niveles-web_prepa_-1-scaled.jpg\" width=\"624\" height=\"439\" alt=\"\" class=\"wp-image-3399 alignnone size-full\" srcset=\"https:\/\/colegiomunoz.edu.mx\/wp_munoz\/wp-content\/uploads\/2024\/02\/niveles-web_prepa_-1-scaled.jpg 2560w, https:\/\/colegiomunoz.edu.mx\/wp_munoz\/wp-content\/uploads\/2024\/02\/niveles-web_prepa_-1-300x211.jpg 300w, https:\/\/colegiomunoz.edu.mx\/wp_munoz\/wp-content\/uploads\/2024\/02\/niveles-web_prepa_-1-1024x720.jpg 1024w, https:\/\/colegiomunoz.edu.mx\/wp_munoz\/wp-content\/uploads\/2024\/02\/niveles-web_prepa_-1-768x540.jpg 768w, https:\/\/colegiomunoz.edu.mx\/wp_munoz\/wp-content\/uploads\/2024\/02\/niveles-web_prepa_-1-1536x1080.jpg 1536w, https:\/\/colegiomunoz.edu.mx\/wp_munoz\/wp-content\/uploads\/2024\/02\/niveles-web_prepa_-1-2048x1440.jpg 2048w, https:\/\/colegiomunoz.edu.mx\/wp_munoz\/wp-content\/uploads\/2024\/02\/niveles-web_prepa_-1-1080x759.jpg 1080w\" sizes=\"(max-width: 624px) 100vw, 624px\" \/>PREPARATORIA<\/span><\/strong><\/h1>\n<p>[\/et_pb_text][et_pb_text admin_label=\u00bbText\u00bb _builder_version=\u00bb3.17.6&#8243; text_font=\u00bbOpen Sans||||||||\u00bb header_font=\u00bb||||||||\u00bb background_size=\u00bbinitial\u00bb background_position=\u00bbtop_left\u00bb background_repeat=\u00bbrepeat\u00bb max_width=\u00bb89%\u00bb module_alignment=\u00bbcenter\u00bb custom_margin=\u00bb|0px||\u00bb custom_padding=\u00bb|0px||\u00bb global_module=\u00bb658&#8243; inline_fonts=\u00bbAcme\u00bb]<\/p>\n<p style=\"padding-left: 30px;\"><span style=\"color: rgba(255, 255, 255, 0);\"><img decoding=\"async\" loading=\"lazy\" src=\"https:\/\/colegiomunoz.edu.mx\/wp_munoz\/wp-content\/uploads\/2019\/04\/whatsapp_icon.png\" width=\"30\" height=\"30\" alt=\"\" class=\"wp-image-402 alignnone size-full\" \/><span style=\"font-family: 'Abril Fatface'; font-weight: normal; color: #004f06;\"><strong>\u00a0 \u00a0<span style=\"color: #000d89;\"><strong><span style=\"font-family: Acme;\"><a href=\"https:\/\/colegiomunoz.edu.mx\/wp_munoz\/contacto-whatsapp-primaria\/?et_fb=1\" 808080=\"\" style=\"color: #000d89; text-decoration: underline;\">WHATSAPP<\/a>\u00a0 \u00a0 \u00a0 \u00a0 \u00a0\u00a0<img decoding=\"async\" loading=\"lazy\" src=\"https:\/\/colegiomunoz.edu.mx\/wp_munoz\/wp-content\/uploads\/2019\/04\/location_icon.png\" width=\"30\" height=\"30\" alt=\"\" class=\"wp-image-403 alignnone size-full\" \/>\u00a0 \u00a0 \u00a0<a href=\"https:\/\/colegiomunoz.edu.mx\/wp_munoz\/planteles\" style=\"color: #000d89; text-decoration: underline;\">UBICAR PLANTELES<\/a>\u00a0 \u00a0 \u00a0<img decoding=\"async\" loading=\"lazy\" src=\"https:\/\/colegiomunoz.edu.mx\/wp_munoz\/wp-content\/uploads\/2019\/04\/arroba_icon.png\" width=\"28\" height=\"28\" alt=\"\" class=\"wp-image-404 alignnone size-full\" \/>\u00a0<a href=\"https:\/\/colegiomunoz.edu.mx\/wp_munoz\/contacto\/\" style=\"color: #000d89; text-decoration: underline;\">CONT\u00c1CTANOS<\/a><\/span><\/strong><\/span><\/strong><\/span><\/span><\/p>\n<p>&nbsp;<\/p>\n<p>[\/et_pb_text][et_pb_text admin_label=\u00bbText\u00bb _builder_version=\u00bb3.17.6&#8243; text_font=\u00bbOpen Sans||||||||\u00bb header_font=\u00bb||||||||\u00bb background_size=\u00bbinitial\u00bb background_position=\u00bbtop_left\u00bb background_repeat=\u00bbrepeat\u00bb max_width=\u00bb89%\u00bb module_alignment=\u00bbcenter\u00bb custom_margin=\u00bb|0px|17px|\u00bb custom_padding=\u00bb|0px||\u00bb]<\/p>\n<p style=\"text-align: justify;\"><span style=\"font-size: 14px;\"><span class=\"Estilo3\">Nuestra escuela preparatoria nos permite continuar y consolidar las metas educativas de nuestro sistema, contribuyendo as\u00ed a la formaci\u00f3n de mejores ciudadanos, tal y como lo se\u00f1ala nuestra misi\u00f3n institucional. Hoy los tiempos nos demandan, como instituci\u00f3n educativa, ofrecer a los j\u00f3venes una educaci\u00f3n de calidad, una educaci\u00f3n altamente competitiva, que los forme para ser hombres y mujeres de bien, donde la preparaci\u00f3n sea valor y herencia que los lleve a una mejor calidad de vida para ellos y para nuestra sociedad.<span>\u00a0<\/span><\/span><\/span><\/p>\n<p>Nuestros principios educativos para la formaci\u00f3n integral del alumno giran en torno a la disciplina, las actitudes y valores, el estudio, el desarrollo de aptitudes y habilidades, as\u00ed como al desarrollo f\u00edsico, emocional y social del estudiante.<span>\u00a0<\/span><\/p>\n<p>[\/et_pb_text][\/et_pb_column][et_pb_column type=\u00bb2_5&#8243; _builder_version=\u00bb3.0.47&#8243; parallax=\u00bboff\u00bb parallax_method=\u00bbon\u00bb][et_pb_social_media_follow _builder_version=\u00bb3.17.6&#8243; text_orientation=\u00bbcenter\u00bb custom_margin=\u00bb||24px\u00bb custom_padding=\u00bb31px||0px\u00bb global_module=\u00bb457&#8243; saved_tabs=\u00bball\u00bb][et_pb_social_media_follow_network social_network=\u00bbfacebook\u00bb url=\u00bbhttps:\/\/www.facebook.com\/oficialcolegiomunoz\/\u00bb _builder_version=\u00bb3.17.6&#8243; background_color=\u00bb#3b5998&#8243; follow_button=\u00bboff\u00bb url_new_window=\u00bbon\u00bb]facebook[\/et_pb_social_media_follow_network][et_pb_social_media_follow_network social_network=\u00bbyoutube\u00bb url=\u00bbhttps:\/\/www.youtube.com\/@colegiomunoz3403&#8243; _builder_version=\u00bb3.17.6&#8243; background_color=\u00bb#a82400&#8243; follow_button=\u00bboff\u00bb url_new_window=\u00bbon\u00bb]youtube[\/et_pb_social_media_follow_network][\/et_pb_social_media_follow][et_pb_button button_url=\u00bbhttps:\/\/colegiomunoz.edu.mx\/wp_munoz\/requisitos-de-inscripcion\/\u00bb button_text=\u00bbRequisitos de Inscripci\u00f3n\u00bb button_alignment=\u00bbcenter\u00bb _builder_version=\u00bb3.17.6&#8243; custom_button=\u00bbon\u00bb button_text_color=\u00bb#ffffff\u00bb button_bg_color=\u00bb#0c71c3&#8243; button_border_width=\u00bb2px\u00bb button_border_radius=\u00bb38px\u00bb button_font=\u00bb||||||||\u00bb custom_margin=\u00bb-22px||20px\u00bb][\/et_pb_button][et_pb_text admin_label=\u00bbText\u00bb _builder_version=\u00bb3.17.6&#8243; text_font=\u00bbOpen Sans||||||||\u00bb header_font=\u00bb||||||||\u00bb background_size=\u00bbinitial\u00bb background_position=\u00bbtop_left\u00bb background_repeat=\u00bbrepeat\u00bb module_alignment=\u00bbcenter\u00bb custom_margin=\u00bb|0px|-6px|\u00bb custom_padding=\u00bb|0px||\u00bb]<\/p>\n<table style=\"width: 300px; border: none; margin-left: auto; margin-right: auto;\" border=\"0\" cellpadding=\"30\" cellspacing=\"0\">\n<tbody>\n<tr>\n<td style=\"width: 118px;\"><a href=\"https:\/\/colegiomunoz.edu.mx\/wp_munoz\/inscripciones\/\"><img decoding=\"async\" loading=\"lazy\" src=\"https:\/\/colegiomunoz.edu.mx\/wp_munoz\/wp-content\/uploads\/2019\/04\/icon_inscripciones.png\" width=\"93\" height=\"74\" alt=\"\" class=\"wp-image-357 alignnone size-full\" \/><\/a><\/td>\n<td style=\"width: 116.4px;\"><\/td>\n<\/tr>\n<tr>\n<td style=\"width: 118px;\"><\/td>\n<td style=\"width: 116.4px;\"><a href=\"https:\/\/colegiomunoz.mapleta.com\/colegiomunoz\/login\/login.do\" target=\"_blank\" rel=\"noopener noreferrer\"><\/a><\/td>\n<\/tr>\n<\/tbody>\n<\/table>\n<p style=\"text-align: center;\">\n<p>[\/et_pb_text][et_pb_gallery gallery_ids=\u00bb2535,3330,3340&#8243; fullwidth=\u00bbon\u00bb _builder_version=\u00bb3.17.6&#8243; title_font=\u00bb||||||||\u00bb pagination_font=\u00bb||||||||\u00bb background_color=\u00bb#fcfcfc\u00bb border_radii=\u00bbon|18px|18px|18px|18px\u00bb border_width_all=\u00bb4px\u00bb border_color_all=\u00bb#b3b3b3&#8243; text_orientation=\u00bbcenter\u00bb max_width=\u00bb90%\u00bb module_alignment=\u00bbcenter\u00bb custom_margin=\u00bb0px||\u00bb auto=\u00bbon\u00bb auto_speed=\u00bb4000&#8243;][\/et_pb_gallery][\/et_pb_column][\/et_pb_row][\/et_pb_section][et_pb_section fb_built=\u00bb1&#8243; _builder_version=\u00bb3.17.6&#8243; background_color=\u00bb#b9d40f\u00bb custom_padding=\u00bb0|0px|0|0px|false|false\u00bb global_module=\u00bb143&#8243; saved_tabs=\u00bball\u00bb][\/et_pb_section][et_pb_section fb_built=\u00bb1&#8243; _builder_version=\u00bb3.17.6&#8243;][\/et_pb_section]<\/p>\n","protected":false},"excerpt":{"rendered":"<p>[et_pb_section fb_built=\u00bb1&#8243; admin_label=\u00bbsection\u00bb _builder_version=\u00bb3.17.6&#8243; max_width=\u00bb95%\u00bb module_alignment=\u00bbcenter\u00bb custom_margin=\u00bb|||0px\u00bb custom_padding=\u00bb0|0px|74px|0px|false|false\u00bb][et_pb_row use_custom_width=\u00bbon\u00bb width_unit=\u00bboff\u00bb custom_width_percent=\u00bb100%\u00bb use_custom_gutter=\u00bbon\u00bb gutter_width=\u00bb1&#8243; custom_padding=\u00bb27px|0|19px|0px|false|false\u00bb custom_margin=\u00bb0px|0px|0px|0px\u00bb admin_label=\u00bbrow\u00bb _builder_version=\u00bb3.17.6&#8243; background_size=\u00bbinitial\u00bb background_position=\u00bbtop_left\u00bb background_repeat=\u00bbrepeat\u00bb module_alignment=\u00bbcenter\u00bb background_image=\u00bbhttps:\/\/colegiomunoz.edu.mx\/wp_munoz\/wp-content\/uploads\/2024\/02\/Diseno-sin-titulo.png\u00bb][et_pb_column type=\u00bb3_5&#8243; _builder_version=\u00bb3.0.47&#8243; parallax=\u00bboff\u00bb parallax_method=\u00bbon\u00bb][et_pb_text admin_label=\u00bbText\u00bb _builder_version=\u00bb3.17.6&#8243; text_font=\u00bb||||||||\u00bb header_font=\u00bb||||||||\u00bb background_size=\u00bbinitial\u00bb background_position=\u00bbtop_left\u00bb background_repeat=\u00bbrepeat\u00bb max_width=\u00bb88%\u00bb module_alignment=\u00bbcenter\u00bb][\/et_pb_text][et_pb_text admin_label=\u00bbText\u00bb _builder_version=\u00bb3.17.6&#8243; text_font=\u00bb||||||||\u00bb header_font=\u00bbOpen Sans|600|||||||\u00bb header_font_size=\u00bb40px\u00bb header_letter_spacing=\u00bb-2px\u00bb background_size=\u00bbinitial\u00bb background_position=\u00bbtop_left\u00bb background_repeat=\u00bbrepeat\u00bb max_width=\u00bb89%\u00bb module_alignment=\u00bbcenter\u00bb inline_fonts=\u00bbAlegreya Sans SC\u00bb] PREPARATORIA [\/et_pb_text][et_pb_text admin_label=\u00bbText\u00bb _builder_version=\u00bb3.17.6&#8243; text_font=\u00bbOpen [&hellip;]<\/p>\n","protected":false},"author":1,"featured_media":0,"parent":0,"menu_order":0,"comment_status":"closed","ping_status":"closed","template":"","meta":[],"_links":{"self":[{"href":"https:\/\/colegiomunoz.edu.mx\/wp_munoz\/wp-json\/wp\/v2\/pages\/486"}],"collection":[{"href":"https:\/\/colegiomunoz.edu.mx\/wp_munoz\/wp-json\/wp\/v2\/pages"}],"about":[{"href":"https:\/\/colegiomunoz.edu.mx\/wp_munoz\/wp-json\/wp\/v2\/types\/page"}],"author":[{"embeddable":true,"href":"https:\/\/colegiomunoz.edu.mx\/wp_munoz\/wp-json\/wp\/v2\/users\/1"}],"replies":[{"embeddable":true,"href":"https:\/\/colegiomunoz.edu.mx\/wp_munoz\/wp-json\/wp\/v2\/comments?post=486"}],"version-history":[{"count":26,"href":"https:\/\/colegiomunoz.edu.mx\/wp_munoz\/wp-json\/wp\/v2\/pages\/486\/revisions"}],"predecessor-version":[{"id":3559,"href":"https:\/\/colegiomunoz.edu.mx\/wp_munoz\/wp-json\/wp\/v2\/pages\/486\/revisions\/3559"}],"wp:attachment":[{"href":"https:\/\/colegiomunoz.edu.mx\/wp_munoz\/wp-json\/wp\/v2\/media?parent=486"}],"curies":[{"name":"wp","href":"https:\/\/api.w.org\/{rel}","templated":true}]}}