{"id":471,"date":"2019-04-09T00:33:44","date_gmt":"2019-04-09T00:33:44","guid":{"rendered":"https:\/\/colegiomunoz.edu.mx\/wp_munoz\/?page_id=471"},"modified":"2024-02-02T22:59:21","modified_gmt":"2024-02-02T22:59:21","slug":"secundaria","status":"publish","type":"page","link":"https:\/\/colegiomunoz.edu.mx\/wp_munoz\/secundaria\/","title":{"rendered":"Secundaria"},"content":{"rendered":"<p>[et_pb_section fb_built=\u00bb1&#8243; admin_label=\u00bbsection\u00bb _builder_version=\u00bb3.17.6&#8243; max_width=\u00bb95%\u00bb module_alignment=\u00bbcenter\u00bb custom_margin=\u00bb|||0px\u00bb custom_padding=\u00bb0|0px|74px|0px|false|false\u00bb][et_pb_row use_custom_width=\u00bbon\u00bb width_unit=\u00bboff\u00bb custom_width_percent=\u00bb100%\u00bb use_custom_gutter=\u00bbon\u00bb gutter_width=\u00bb1&#8243; custom_padding=\u00bb27px|0|19px|0px|false|false\u00bb custom_margin=\u00bb0px|0px|0px|0px\u00bb admin_label=\u00bbrow\u00bb _builder_version=\u00bb3.17.6&#8243; background_image=\u00bbhttps:\/\/colegiomunoz.edu.mx\/wp_munoz\/wp-content\/uploads\/2024\/01\/Diseno-sin-titulo.png\u00bb background_size=\u00bbinitial\u00bb background_position=\u00bbtop_left\u00bb background_repeat=\u00bbrepeat\u00bb module_alignment=\u00bbcenter\u00bb][et_pb_column type=\u00bb3_5&#8243; _builder_version=\u00bb3.0.47&#8243; parallax=\u00bboff\u00bb parallax_method=\u00bbon\u00bb][et_pb_text admin_label=\u00bbText\u00bb _builder_version=\u00bb3.17.6&#8243; text_font=\u00bb||||||||\u00bb header_font=\u00bb||||||||\u00bb background_size=\u00bbinitial\u00bb background_position=\u00bbtop_left\u00bb background_repeat=\u00bbrepeat\u00bb max_width=\u00bb88%\u00bb module_alignment=\u00bbcenter\u00bb][\/et_pb_text][et_pb_text admin_label=\u00bbText\u00bb _builder_version=\u00bb3.17.6&#8243; text_font=\u00bb||||||||\u00bb header_font=\u00bbOpen Sans|600|||||||\u00bb header_font_size=\u00bb40px\u00bb header_letter_spacing=\u00bb-2px\u00bb background_size=\u00bbinitial\u00bb background_position=\u00bbtop_left\u00bb background_repeat=\u00bbrepeat\u00bb max_width=\u00bb89%\u00bb module_alignment=\u00bbcenter\u00bb inline_fonts=\u00bbAlegreya Sans SC\u00bb]<\/p>\n<h1><span style=\"color: rgba(0, 0, 0, 0.88);\"><strong><span style=\"font-family: 'Alegreya Sans SC';\"><img decoding=\"async\" loading=\"lazy\" src=\"https:\/\/colegiomunoz.edu.mx\/wp_munoz\/wp-content\/uploads\/2024\/02\/niveles-web_secundaria-scaled.jpg\" width=\"617\" height=\"432\" alt=\"\" class=\"wp-image-3442 alignnone size-full\" srcset=\"https:\/\/colegiomunoz.edu.mx\/wp_munoz\/wp-content\/uploads\/2024\/02\/niveles-web_secundaria-scaled.jpg 2560w, https:\/\/colegiomunoz.edu.mx\/wp_munoz\/wp-content\/uploads\/2024\/02\/niveles-web_secundaria-300x210.jpg 300w, https:\/\/colegiomunoz.edu.mx\/wp_munoz\/wp-content\/uploads\/2024\/02\/niveles-web_secundaria-1024x716.jpg 1024w, https:\/\/colegiomunoz.edu.mx\/wp_munoz\/wp-content\/uploads\/2024\/02\/niveles-web_secundaria-768x537.jpg 768w, https:\/\/colegiomunoz.edu.mx\/wp_munoz\/wp-content\/uploads\/2024\/02\/niveles-web_secundaria-1536x1074.jpg 1536w, https:\/\/colegiomunoz.edu.mx\/wp_munoz\/wp-content\/uploads\/2024\/02\/niveles-web_secundaria-2048x1433.jpg 2048w, https:\/\/colegiomunoz.edu.mx\/wp_munoz\/wp-content\/uploads\/2024\/02\/niveles-web_secundaria-1080x755.jpg 1080w\" sizes=\"(max-width: 617px) 100vw, 617px\" \/>SECUNDARIA<\/span><\/strong><\/span><\/h1>\n<p>[\/et_pb_text][et_pb_text admin_label=\u00bbText\u00bb _builder_version=\u00bb3.17.6&#8243; text_font=\u00bbOpen Sans||||||||\u00bb header_font=\u00bb||||||||\u00bb background_size=\u00bbinitial\u00bb background_position=\u00bbtop_left\u00bb background_repeat=\u00bbrepeat\u00bb max_width=\u00bb89%\u00bb module_alignment=\u00bbcenter\u00bb custom_margin=\u00bb|0px||\u00bb custom_padding=\u00bb|0px||\u00bb global_module=\u00bb658&#8243; inline_fonts=\u00bbAcme\u00bb]<\/p>\n<p style=\"padding-left: 30px;\"><span style=\"color: rgba(255, 255, 255, 0);\"><img decoding=\"async\" loading=\"lazy\" src=\"https:\/\/colegiomunoz.edu.mx\/wp_munoz\/wp-content\/uploads\/2019\/04\/whatsapp_icon.png\" width=\"30\" height=\"30\" alt=\"\" class=\"wp-image-402 alignnone size-full\" \/><span style=\"font-family: 'Abril Fatface'; font-weight: normal; color: #004f06;\"><strong>\u00a0 \u00a0<span style=\"color: #000d89;\"><strong><span style=\"font-family: Acme;\"><a href=\"https:\/\/colegiomunoz.edu.mx\/wp_munoz\/contacto-whatsapp-primaria\/?et_fb=1\" 808080=\"\" style=\"color: #000d89; text-decoration: underline;\">WHATSAPP<\/a>\u00a0 \u00a0 \u00a0 \u00a0 \u00a0\u00a0<img decoding=\"async\" loading=\"lazy\" src=\"https:\/\/colegiomunoz.edu.mx\/wp_munoz\/wp-content\/uploads\/2019\/04\/location_icon.png\" width=\"30\" height=\"30\" alt=\"\" class=\"wp-image-403 alignnone size-full\" \/>\u00a0 \u00a0 \u00a0<a href=\"https:\/\/colegiomunoz.edu.mx\/wp_munoz\/planteles\" style=\"color: #000d89; text-decoration: underline;\">UBICAR PLANTELES<\/a>\u00a0 \u00a0 \u00a0<img decoding=\"async\" loading=\"lazy\" src=\"https:\/\/colegiomunoz.edu.mx\/wp_munoz\/wp-content\/uploads\/2019\/04\/arroba_icon.png\" width=\"28\" height=\"28\" alt=\"\" class=\"wp-image-404 alignnone size-full\" \/>\u00a0<a href=\"https:\/\/colegiomunoz.edu.mx\/wp_munoz\/contacto\/\" style=\"color: #000d89; text-decoration: underline;\">CONT\u00c1CTANOS<\/a><\/span><\/strong><\/span><\/strong><\/span><\/span><\/p>\n<p>&nbsp;<\/p>\n<p>[\/et_pb_text][et_pb_text admin_label=\u00bbText\u00bb _builder_version=\u00bb3.17.6&#8243; text_font=\u00bbOpen Sans||||||||\u00bb header_font=\u00bb||||||||\u00bb background_size=\u00bbinitial\u00bb background_position=\u00bbtop_left\u00bb background_repeat=\u00bbrepeat\u00bb max_width=\u00bb89%\u00bb module_alignment=\u00bbcenter\u00bb custom_margin=\u00bb|0px|17px|\u00bb custom_padding=\u00bb|0px||\u00bb]<\/p>\n<p style=\"text-align: justify;\"><span class=\"Estilo4\">En esta etapa reafirmamos los avances acad\u00e9micos y formativos de la educaci\u00f3n primaria y al mismo tiempo promovemos el desarrollo pleno de las capacidades y habilidades que requerir\u00e1n los j\u00f3venes en su educaci\u00f3n <strong>futura.<\/strong><\/span><\/p>\n<p style=\"text-align: justify;\"><span class=\"Estilo4\">Secundaria es una etapa importante en la vida de nuestros j\u00f3venes, en ella, padres de familia, maestros y directivos cumplen un papel fundamental para encausar los cambios propios de la adolescencia y as\u00ed permitir al joven transitar por esta etapa de su vida de manera arm\u00f3nica consigo mismo y con quienes le rodean.<span>\u00a0<\/span><\/span><\/p>\n<p style=\"text-align: justify;\">En nuestra escuela secundaria mantenemos el principio de la educaci\u00f3n integral y el prop\u00f3sito de formar mejores hombres y mujeres que contribuyan a una mejor sociedad.<span>\u00a0<\/span><\/p>\n<p style=\"text-align: justify;\">\n<p>[\/et_pb_text][\/et_pb_column][et_pb_column type=\u00bb2_5&#8243; _builder_version=\u00bb3.0.47&#8243; parallax=\u00bboff\u00bb parallax_method=\u00bbon\u00bb][et_pb_social_media_follow _builder_version=\u00bb3.17.6&#8243; text_orientation=\u00bbcenter\u00bb custom_margin=\u00bb||24px\u00bb custom_padding=\u00bb31px||0px\u00bb global_module=\u00bb457&#8243; saved_tabs=\u00bball\u00bb][et_pb_social_media_follow_network social_network=\u00bbfacebook\u00bb url=\u00bbhttps:\/\/www.facebook.com\/oficialcolegiomunoz\/\u00bb _builder_version=\u00bb3.17.6&#8243; background_color=\u00bb#3b5998&#8243; follow_button=\u00bboff\u00bb url_new_window=\u00bbon\u00bb]facebook[\/et_pb_social_media_follow_network][et_pb_social_media_follow_network social_network=\u00bbyoutube\u00bb url=\u00bbhttps:\/\/www.youtube.com\/@colegiomunoz3403&#8243; _builder_version=\u00bb3.17.6&#8243; background_color=\u00bb#a82400&#8243; follow_button=\u00bboff\u00bb url_new_window=\u00bbon\u00bb]youtube[\/et_pb_social_media_follow_network][\/et_pb_social_media_follow][et_pb_button button_url=\u00bbhttps:\/\/colegiomunoz.edu.mx\/wp_munoz\/requisitos-de-inscripcion\/\u00bb button_text=\u00bbRequisitos de Inscripci\u00f3n\u00bb button_alignment=\u00bbcenter\u00bb _builder_version=\u00bb3.17.6&#8243; custom_button=\u00bbon\u00bb button_text_color=\u00bb#ffffff\u00bb button_bg_color=\u00bb#0c71c3&#8243; button_border_width=\u00bb2px\u00bb button_border_radius=\u00bb38px\u00bb button_font=\u00bb||||||||\u00bb custom_margin=\u00bb-22px||20px\u00bb][\/et_pb_button][et_pb_text admin_label=\u00bbText\u00bb _builder_version=\u00bb3.17.6&#8243; text_font=\u00bbOpen Sans||||||||\u00bb header_font=\u00bb||||||||\u00bb background_size=\u00bbinitial\u00bb background_position=\u00bbtop_left\u00bb background_repeat=\u00bbrepeat\u00bb module_alignment=\u00bbcenter\u00bb custom_margin=\u00bb|0px|0px|\u00bb custom_padding=\u00bb|0px||\u00bb]<\/p>\n<p>&nbsp;<\/p>\n<p style=\"text-align: center;\">[\/et_pb_text][et_pb_image src=\u00bbhttps:\/\/colegiomunoz.edu.mx\/wp_munoz\/wp-content\/uploads\/2024\/02\/icon_inscripciones.png\u00bb align=\u00bbcenter\u00bb _builder_version=\u00bb3.17.6&#8243; max_width=\u00bb14%\u00bb custom_margin=\u00bb-16px||\u00bb][\/et_pb_image][et_pb_gallery gallery_ids=\u00bb2533,3330,3340&#8243; fullwidth=\u00bbon\u00bb _builder_version=\u00bb3.17.6&#8243; title_font=\u00bb||||||||\u00bb pagination_font=\u00bb||||||||\u00bb background_color=\u00bb#fcfcfc\u00bb border_radii=\u00bbon|18px|18px|18px|18px\u00bb border_width_all=\u00bb4px\u00bb border_color_all=\u00bb#b3b3b3&#8243; text_orientation=\u00bbcenter\u00bb max_width=\u00bb90%\u00bb module_alignment=\u00bbcenter\u00bb custom_margin=\u00bb18px||\u00bb auto=\u00bbon\u00bb auto_speed=\u00bb4000&#8243;][\/et_pb_gallery][\/et_pb_column][\/et_pb_row][\/et_pb_section][et_pb_section fb_built=\u00bb1&#8243; _builder_version=\u00bb3.17.6&#8243; background_color=\u00bb#b9d40f\u00bb custom_padding=\u00bb0|0px|0|0px|false|false\u00bb global_module=\u00bb143&#8243; saved_tabs=\u00bball\u00bb][\/et_pb_section][et_pb_section fb_built=\u00bb1&#8243; _builder_version=\u00bb3.17.6&#8243;][\/et_pb_section]<\/p>\n","protected":false},"excerpt":{"rendered":"<p>[et_pb_section fb_built=\u00bb1&#8243; admin_label=\u00bbsection\u00bb _builder_version=\u00bb3.17.6&#8243; max_width=\u00bb95%\u00bb module_alignment=\u00bbcenter\u00bb custom_margin=\u00bb|||0px\u00bb custom_padding=\u00bb0|0px|74px|0px|false|false\u00bb][et_pb_row use_custom_width=\u00bbon\u00bb width_unit=\u00bboff\u00bb custom_width_percent=\u00bb100%\u00bb use_custom_gutter=\u00bbon\u00bb gutter_width=\u00bb1&#8243; custom_padding=\u00bb27px|0|19px|0px|false|false\u00bb custom_margin=\u00bb0px|0px|0px|0px\u00bb admin_label=\u00bbrow\u00bb _builder_version=\u00bb3.17.6&#8243; background_image=\u00bbhttps:\/\/colegiomunoz.edu.mx\/wp_munoz\/wp-content\/uploads\/2024\/01\/Diseno-sin-titulo.png\u00bb background_size=\u00bbinitial\u00bb background_position=\u00bbtop_left\u00bb background_repeat=\u00bbrepeat\u00bb module_alignment=\u00bbcenter\u00bb][et_pb_column type=\u00bb3_5&#8243; _builder_version=\u00bb3.0.47&#8243; parallax=\u00bboff\u00bb parallax_method=\u00bbon\u00bb][et_pb_text admin_label=\u00bbText\u00bb _builder_version=\u00bb3.17.6&#8243; text_font=\u00bb||||||||\u00bb header_font=\u00bb||||||||\u00bb background_size=\u00bbinitial\u00bb background_position=\u00bbtop_left\u00bb background_repeat=\u00bbrepeat\u00bb max_width=\u00bb88%\u00bb module_alignment=\u00bbcenter\u00bb][\/et_pb_text][et_pb_text admin_label=\u00bbText\u00bb _builder_version=\u00bb3.17.6&#8243; text_font=\u00bb||||||||\u00bb header_font=\u00bbOpen Sans|600|||||||\u00bb header_font_size=\u00bb40px\u00bb header_letter_spacing=\u00bb-2px\u00bb background_size=\u00bbinitial\u00bb background_position=\u00bbtop_left\u00bb background_repeat=\u00bbrepeat\u00bb max_width=\u00bb89%\u00bb module_alignment=\u00bbcenter\u00bb inline_fonts=\u00bbAlegreya Sans SC\u00bb] SECUNDARIA [\/et_pb_text][et_pb_text admin_label=\u00bbText\u00bb _builder_version=\u00bb3.17.6&#8243; text_font=\u00bbOpen [&hellip;]<\/p>\n","protected":false},"author":1,"featured_media":0,"parent":0,"menu_order":0,"comment_status":"closed","ping_status":"closed","template":"","meta":[],"_links":{"self":[{"href":"https:\/\/colegiomunoz.edu.mx\/wp_munoz\/wp-json\/wp\/v2\/pages\/471"}],"collection":[{"href":"https:\/\/colegiomunoz.edu.mx\/wp_munoz\/wp-json\/wp\/v2\/pages"}],"about":[{"href":"https:\/\/colegiomunoz.edu.mx\/wp_munoz\/wp-json\/wp\/v2\/types\/page"}],"author":[{"embeddable":true,"href":"https:\/\/colegiomunoz.edu.mx\/wp_munoz\/wp-json\/wp\/v2\/users\/1"}],"replies":[{"embeddable":true,"href":"https:\/\/colegiomunoz.edu.mx\/wp_munoz\/wp-json\/wp\/v2\/comments?post=471"}],"version-history":[{"count":19,"href":"https:\/\/colegiomunoz.edu.mx\/wp_munoz\/wp-json\/wp\/v2\/pages\/471\/revisions"}],"predecessor-version":[{"id":3505,"href":"https:\/\/colegiomunoz.edu.mx\/wp_munoz\/wp-json\/wp\/v2\/pages\/471\/revisions\/3505"}],"wp:attachment":[{"href":"https:\/\/colegiomunoz.edu.mx\/wp_munoz\/wp-json\/wp\/v2\/media?parent=471"}],"curies":[{"name":"wp","href":"https:\/\/api.w.org\/{rel}","templated":true}]}}