{"id":2471,"date":"2020-11-19T23:36:06","date_gmt":"2020-11-19T23:36:06","guid":{"rendered":"https:\/\/colegiomunoz.edu.mx\/wp_munoz\/?page_id=2471"},"modified":"2025-10-29T20:00:59","modified_gmt":"2025-10-29T20:00:59","slug":"requisitos-de-inscripcion","status":"publish","type":"page","link":"https:\/\/colegiomunoz.edu.mx\/wp_munoz\/requisitos-de-inscripcion\/","title":{"rendered":"Requisitos de Inscripci\u00f3n"},"content":{"rendered":"<p>[et_pb_section fb_built=\u00bb1&#8243; admin_label=\u00bbsection\u00bb _builder_version=\u00bb3.17.6&#8243; max_width=\u00bb95%\u00bb module_alignment=\u00bbcenter\u00bb custom_margin=\u00bb|||0px\u00bb custom_padding=\u00bb0|0px|74px|0px|false|false\u00bb][et_pb_row use_custom_width=\u00bbon\u00bb width_unit=\u00bboff\u00bb custom_width_percent=\u00bb100%\u00bb use_custom_gutter=\u00bbon\u00bb gutter_width=\u00bb1&#8243; custom_padding=\u00bb27px|0|19px|0px|false|false\u00bb custom_margin=\u00bb0px|0px|0px|0px\u00bb admin_label=\u00bbrow\u00bb _builder_version=\u00bb3.17.6&#8243; background_size=\u00bbinitial\u00bb background_position=\u00bbtop_left\u00bb background_repeat=\u00bbrepeat\u00bb box_shadow_style=\u00bbpreset6&#8243; box_shadow_color=\u00bbrgba(0,0,0,0)\u00bb module_alignment=\u00bbcenter\u00bb][et_pb_column type=\u00bb3_5&#8243; _builder_version=\u00bb3.0.47&#8243; parallax=\u00bboff\u00bb parallax_method=\u00bbon\u00bb][et_pb_text admin_label=\u00bbText\u00bb _builder_version=\u00bb3.17.6&#8243; text_font=\u00bb||||||||\u00bb text_line_height=\u00bb1em\u00bb header_font=\u00bbOpen Sans|600|||||||\u00bb header_font_size=\u00bb40px\u00bb header_letter_spacing=\u00bb-2px\u00bb background_size=\u00bbinitial\u00bb background_position=\u00bbtop_left\u00bb background_repeat=\u00bbrepeat\u00bb max_width=\u00bb89%\u00bb module_alignment=\u00bbcenter\u00bb]<\/p>\n<h1><span style=\"font-family: 'Alegreya Sans SC'; font-weight: normal;\"><strong><span style=\"color: rgba(0, 0, 0, 0.88);\">REQUISITOS DE INSCRIPCI\u00d3N<\/span><\/strong><\/span><\/h1>\n<blockquote>\n<h4><span style=\"text-decoration: underline;\"><strong><span style=\"color: #27930e; text-decoration: underline;\">CICLO ESCOLAR 2025-2026<\/span><\/strong><\/span><\/h4>\n<\/blockquote>\n<p><em><strong><span style=\"color: #27930e;\"><\/span><\/strong><\/em><\/p>\n<p>[\/et_pb_text][et_pb_text admin_label=\u00bbText\u00bb _builder_version=\u00bb3.17.6&#8243; text_font=\u00bbOpen Sans||||||||\u00bb header_font=\u00bb||||||||\u00bb background_size=\u00bbinitial\u00bb background_position=\u00bbtop_left\u00bb background_repeat=\u00bbrepeat\u00bb max_width=\u00bb89%\u00bb module_alignment=\u00bbcenter\u00bb custom_margin=\u00bb|0px||\u00bb custom_padding=\u00bb|0px||\u00bb global_module=\u00bb658&#8243; inline_fonts=\u00bbAcme\u00bb]<\/p>\n<p style=\"padding-left: 30px;\"><span style=\"color: rgba(255, 255, 255, 0);\"><img decoding=\"async\" loading=\"lazy\" src=\"https:\/\/colegiomunoz.edu.mx\/wp_munoz\/wp-content\/uploads\/2019\/04\/whatsapp_icon.png\" width=\"30\" height=\"30\" alt=\"\" class=\"wp-image-402 alignnone size-full\" \/><span style=\"font-family: 'Abril Fatface'; font-weight: normal; color: #004f06;\"><strong>\u00a0 \u00a0<span style=\"color: #000d89;\"><strong><span style=\"font-family: Acme;\"><a href=\"https:\/\/colegiomunoz.edu.mx\/wp_munoz\/contacto-whatsapp-primaria\/?et_fb=1\" 808080=\"\" style=\"color: #000d89; text-decoration: underline;\">WHATSAPP<\/a>\u00a0 \u00a0 \u00a0 \u00a0 \u00a0\u00a0<img decoding=\"async\" loading=\"lazy\" src=\"https:\/\/colegiomunoz.edu.mx\/wp_munoz\/wp-content\/uploads\/2019\/04\/location_icon.png\" width=\"30\" height=\"30\" alt=\"\" class=\"wp-image-403 alignnone size-full\" \/>\u00a0 \u00a0 \u00a0<a href=\"https:\/\/colegiomunoz.edu.mx\/wp_munoz\/planteles\" style=\"color: #000d89; text-decoration: underline;\">UBICAR PLANTELES<\/a>\u00a0 \u00a0 \u00a0<img decoding=\"async\" loading=\"lazy\" src=\"https:\/\/colegiomunoz.edu.mx\/wp_munoz\/wp-content\/uploads\/2019\/04\/arroba_icon.png\" width=\"28\" height=\"28\" alt=\"\" class=\"wp-image-404 alignnone size-full\" \/>\u00a0<a href=\"https:\/\/colegiomunoz.edu.mx\/wp_munoz\/contacto\/\" style=\"color: #000d89; text-decoration: underline;\">CONT\u00c1CTANOS<\/a><\/span><\/strong><\/span><\/strong><\/span><\/span><\/p>\n<p>&nbsp;<\/p>\n<p>[\/et_pb_text][et_pb_tabs active_tab_background_color=\u00bb#a3a3a3&#8243; inactive_tab_background_color=\u00bb#00208a\u00bb _builder_version=\u00bb3.17.6&#8243; tab_font=\u00bb||||||||\u00bb tab_text_color=\u00bb#ffffff\u00bb tab_font_size=\u00bb11px\u00bb body_font=\u00bb||||||||\u00bb body_text_color=\u00bb#00208a\u00bb body_font_size=\u00bb14px\u00bb box_shadow_style=\u00bbpreset4&#8243; box_shadow_color=\u00bb#d6d6d6&#8243;][et_pb_tab title=\u00bbPREESCOLAR BILING\u00dcE\u00bb _builder_version=\u00bb3.17.6&#8243;]<\/p>\n<p>\u2022 Formato de inscripci\u00f3n.<br \/> \u2022 1ro. de Preescolar tener los 3 a\u00f1os cumplidos hasta el 31 de diciembre.<br \/> \u2022 2do. de Preescolar tener los 4 a\u00f1os cumplidos hasta el\u00a0 31 de diciembre.<br \/> \u2022 3ro. de Preescolar tener los 5 a\u00f1os cumplidos hasta el\u00a0 31 de diciembre.<br \/> \u2022 Acta de nacimiento original y 2 copias.<br \/> \u2022 2 fotograf\u00edas a color, tama\u00f1o infantil (2.5 x 3.5 cms.).<br \/> \u2022 Clave \u00danica de Registro de Poblaci\u00f3n CURP (copia).<br \/> \u2022 Copia de cartilla de vacunaci\u00f3n.<br \/> \u2022 Copia del INE por ambos lados del Tutor que firma el Fondo de Garant\u00eda Educativa.<br \/> \u2022 Carta de buena conducta y no adeudo (en caso que venga de Guarder\u00eda).<br \/> \u2022 Evaluaci\u00f3n Diagn\u00f3stica y convivencia por un d\u00eda.<\/p>\n<p>[\/et_pb_tab][et_pb_tab title=\u00bbPRIMARIA BILING\u00dcE\u00bb _builder_version=\u00bb3.17.6&#8243;]<\/p>\n<p>\u2022 Formato de inscripci\u00f3n.<br \/>\u2022 Tener 6 a\u00f1os cumplidos hasta el\u00a0 31 de diciembre.* <br \/>\u2022 Certificado de preescolar (1 copia).* <br \/>\u2022 Curso de lecto-escritura impartido por el Colegio.* <br \/>\u2022 Asistir a convivencia por un d\u00eda.* <br \/>\u2022 Acta de nacimiento (original y 2 copias). <br \/> \u2022 2 fotograf\u00edas a color, tama\u00f1o infantil (2.5 x 3.5 cms.).<br \/>\u2022 Clave \u00danica de Registro de Poblaci\u00f3n CURP (copia). <br \/>\u2022 Carta de buena conducta. <br \/>\u2022 Carta de no adeudo de colegiaturas. <br \/>\u2022 Copia del INE por ambos lados del Tutor que firma el Fondo de Garant\u00eda Educativa. <br \/>\u2022 Realizar evaluaci\u00f3n diagn\u00f3stica (espa\u00f1ol e ingl\u00e9s). <br \/>\u2022 Promedio m\u00ednimo de 8.** <br \/>\u2022 Boleta oficial del grado anterior (original y 2 copias).**<\/p>\n<p><strong>* Para alumnos que ingresar\u00e1n a 1\u00b0 de primaria. <\/strong><br \/><strong>** Para alumnos que ingresar\u00e1n de 2\u00b0 a 6\u00b0 de primaria.<\/strong><\/p>\n<p>[\/et_pb_tab][et_pb_tab title=\u00bbSECUNDARIA BILING\u00dcE\u00bb _builder_version=\u00bb3.17.6&#8243;]<\/p>\n<p>\u2022 Formato de inscripci\u00f3n.<br \/>\u2022 Acta de nacimiento (original y 2 copias). <br \/> \u2022 2 fotograf\u00edas a color, tama\u00f1o infantil (2.5 x 3.5 cms.).<br \/>\u2022 Clave \u00danica de Registro de Poblaci\u00f3n CURP (copia). <br \/>\u2022 Carta de buena conducta. <br \/>\u2022 Carta de no adeudo de colegiaturas. <br \/>\u2022 Copia del INE por ambos lados del Tutor que firma el Fondo de Garant\u00eda Educativa. <br \/>\u2022 Promedio m\u00ednimo de 8 por materia. <br \/>\u2022 Certificado de primaria (original y copia) y boleta de 6\u00b0 de primaria. <br \/>\u2022 Boleta de 1\u00b0 y 2\u00b0 de secundaria (original y 1 copia).* <br \/>\u2022 No tener ninguna materia reprobada. <br \/>\u2022 Evaluaci\u00f3n Diagn\u00f3stica con Coordinaci\u00f3n Acad\u00e9mica (espa\u00f1ol e ingl\u00e9s)<\/p>\n<p><strong>* Requisitos s\u00f3lo para los alumnos que ingresen a 2\u00b0 y 3\u00b0de secundaria.<\/strong><\/p>\n<p>[\/et_pb_tab][et_pb_tab title=\u00bbPREPARATORIA BILING\u00dcE\u00bb _builder_version=\u00bb3.17.6&#8243;]<\/p>\n<p>\u2022 Formato de inscripci\u00f3n.<br \/> \u2022 Acta de nacimiento (original y copia).<br \/>  \u2022 2 fotograf\u00edas a color, tama\u00f1o infantil (2.5 x 3.5 cms.).<br \/> \u2022 Clave \u00danica de Registro de Poblaci\u00f3n CURP (copia).<br \/> \u2022 Carta de buena conducta.<br \/> \u2022 Carta de no adeudo de colegiaturas.<br \/> \u2022 Copia del INE por ambos lados del Tutor que firma el Fondo de Garant\u00eda Educativa.<br \/> \u2022 Promedio m\u00ednimo de 8.<br \/> \u2022 Certificado de secundaria (original y copia).<br \/> \u2022 Boleta de 1ro., 2do. y 3ro. de secundaria (original y copia).<br \/> \u2022 No tener ninguna materia reprobada.<br \/> \u2022 Examen Diagn\u00f3stico con Coordinaci\u00f3n Acad\u00e9mica (espa\u00f1ol e ingl\u00e9s)<br \/> \u2022 Kardex electr\u00f3nico y certificado parcial.*<\/p>\n<p><strong>* Requisitos s\u00f3lo para los alumnos que ingresen semestres avanzados.<\/strong><\/p>\n<p>[\/et_pb_tab][\/et_pb_tabs][et_pb_text _builder_version=\u00bb3.17.6&#8243;][\/et_pb_text][et_pb_code _builder_version=\u00bb3.17.6&#8243;][\/et_pb_code][et_pb_text _builder_version=\u00bb3.17.6&#8243;][\/et_pb_text][\/et_pb_column][et_pb_column type=\u00bb2_5&#8243; _builder_version=\u00bb3.0.47&#8243; parallax=\u00bboff\u00bb parallax_method=\u00bbon\u00bb][et_pb_social_media_follow _builder_version=\u00bb3.17.6&#8243; text_orientation=\u00bbcenter\u00bb custom_margin=\u00bb||24px\u00bb custom_padding=\u00bb31px||0px\u00bb global_module=\u00bb457&#8243; saved_tabs=\u00bball\u00bb][et_pb_social_media_follow_network social_network=\u00bbfacebook\u00bb url=\u00bbhttps:\/\/www.facebook.com\/oficialcolegiomunoz\/\u00bb _builder_version=\u00bb3.17.6&#8243; background_color=\u00bb#3b5998&#8243; follow_button=\u00bboff\u00bb url_new_window=\u00bbon\u00bb]facebook[\/et_pb_social_media_follow_network][et_pb_social_media_follow_network social_network=\u00bbyoutube\u00bb url=\u00bbhttps:\/\/www.youtube.com\/@colegiomunoz3403&#8243; _builder_version=\u00bb3.17.6&#8243; background_color=\u00bb#a82400&#8243; follow_button=\u00bboff\u00bb url_new_window=\u00bbon\u00bb]youtube[\/et_pb_social_media_follow_network][\/et_pb_social_media_follow][et_pb_gallery gallery_ids=\u00bb3816&#8243; fullwidth=\u00bbon\u00bb _builder_version=\u00bb3.17.6&#8243; title_font=\u00bb||||||||\u00bb pagination_font=\u00bb||||||||\u00bb background_color=\u00bb#fcfcfc\u00bb border_radii=\u00bbon|18px|18px|18px|18px\u00bb border_width_all=\u00bb4px\u00bb border_color_all=\u00bb#b3b3b3&#8243; text_orientation=\u00bbcenter\u00bb max_width=\u00bb90%\u00bb module_alignment=\u00bbcenter\u00bb custom_margin=\u00bb18px||\u00bb auto=\u00bbon\u00bb auto_speed=\u00bb4000&#8243;][\/et_pb_gallery][\/et_pb_column][\/et_pb_row][\/et_pb_section][et_pb_section fb_built=\u00bb1&#8243; _builder_version=\u00bb3.17.6&#8243; background_color=\u00bb#b9d40f\u00bb custom_padding=\u00bb0|0px|0|0px|false|false\u00bb global_module=\u00bb143&#8243; saved_tabs=\u00bball\u00bb][\/et_pb_section]<\/p>\n","protected":false},"excerpt":{"rendered":"<p>[et_pb_section fb_built=\u00bb1&#8243; admin_label=\u00bbsection\u00bb _builder_version=\u00bb3.17.6&#8243; max_width=\u00bb95%\u00bb module_alignment=\u00bbcenter\u00bb custom_margin=\u00bb|||0px\u00bb custom_padding=\u00bb0|0px|74px|0px|false|false\u00bb][et_pb_row use_custom_width=\u00bbon\u00bb width_unit=\u00bboff\u00bb custom_width_percent=\u00bb100%\u00bb use_custom_gutter=\u00bbon\u00bb gutter_width=\u00bb1&#8243; custom_padding=\u00bb27px|0|19px|0px|false|false\u00bb custom_margin=\u00bb0px|0px|0px|0px\u00bb admin_label=\u00bbrow\u00bb _builder_version=\u00bb3.17.6&#8243; background_size=\u00bbinitial\u00bb background_position=\u00bbtop_left\u00bb background_repeat=\u00bbrepeat\u00bb box_shadow_style=\u00bbpreset6&#8243; box_shadow_color=\u00bbrgba(0,0,0,0)\u00bb module_alignment=\u00bbcenter\u00bb][et_pb_column type=\u00bb3_5&#8243; _builder_version=\u00bb3.0.47&#8243; parallax=\u00bboff\u00bb parallax_method=\u00bbon\u00bb][et_pb_text admin_label=\u00bbText\u00bb _builder_version=\u00bb3.17.6&#8243; text_font=\u00bb||||||||\u00bb text_line_height=\u00bb1em\u00bb header_font=\u00bbOpen Sans|600|||||||\u00bb header_font_size=\u00bb40px\u00bb header_letter_spacing=\u00bb-2px\u00bb background_size=\u00bbinitial\u00bb background_position=\u00bbtop_left\u00bb background_repeat=\u00bbrepeat\u00bb max_width=\u00bb89%\u00bb module_alignment=\u00bbcenter\u00bb] REQUISITOS DE INSCRIPCI\u00d3N CICLO ESCOLAR 2025-2026 [\/et_pb_text][et_pb_text admin_label=\u00bbText\u00bb _builder_version=\u00bb3.17.6&#8243; text_font=\u00bbOpen Sans||||||||\u00bb header_font=\u00bb||||||||\u00bb background_size=\u00bbinitial\u00bb background_position=\u00bbtop_left\u00bb background_repeat=\u00bbrepeat\u00bb [&hellip;]<\/p>\n","protected":false},"author":1,"featured_media":0,"parent":0,"menu_order":0,"comment_status":"closed","ping_status":"closed","template":"","meta":[],"_links":{"self":[{"href":"https:\/\/colegiomunoz.edu.mx\/wp_munoz\/wp-json\/wp\/v2\/pages\/2471"}],"collection":[{"href":"https:\/\/colegiomunoz.edu.mx\/wp_munoz\/wp-json\/wp\/v2\/pages"}],"about":[{"href":"https:\/\/colegiomunoz.edu.mx\/wp_munoz\/wp-json\/wp\/v2\/types\/page"}],"author":[{"embeddable":true,"href":"https:\/\/colegiomunoz.edu.mx\/wp_munoz\/wp-json\/wp\/v2\/users\/1"}],"replies":[{"embeddable":true,"href":"https:\/\/colegiomunoz.edu.mx\/wp_munoz\/wp-json\/wp\/v2\/comments?post=2471"}],"version-history":[{"count":37,"href":"https:\/\/colegiomunoz.edu.mx\/wp_munoz\/wp-json\/wp\/v2\/pages\/2471\/revisions"}],"predecessor-version":[{"id":3978,"href":"https:\/\/colegiomunoz.edu.mx\/wp_munoz\/wp-json\/wp\/v2\/pages\/2471\/revisions\/3978"}],"wp:attachment":[{"href":"https:\/\/colegiomunoz.edu.mx\/wp_munoz\/wp-json\/wp\/v2\/media?parent=2471"}],"curies":[{"name":"wp","href":"https:\/\/api.w.org\/{rel}","templated":true}]}}